{"id":63,"date":"2025-01-27T15:24:44","date_gmt":"2025-01-27T14:24:44","guid":{"rendered":"https:\/\/rainforest-save.com\/regenwald\/?post_type=product&#038;p=63"},"modified":"2026-01-07T06:35:25","modified_gmt":"2026-01-07T05:35:25","slug":"urkunde","status":"publish","type":"product","link":"https:\/\/www.rainforest-save.com\/regenwald\/produkt\/urkunde\/","title":{"rendered":"1m\u00b2 gesch\u00fctzter Wald pro 5\u20ac"},"content":{"rendered":"<h2>Sch\u00fctze ein St\u00fcck tropischen Trockenwald \u2013 direkt und nachhaltig!<\/h2>\n<ul>\n<li>\ud83c\udf3f <strong>Pers\u00f6nlicher Beitrag zum Naturschutz:<\/strong> Hilf mit, den bedrohten Trockenwald zu bewahren.<\/li>\n<li>\ud83d\udcdc <strong>Individuelle Spendenurkunde:<\/strong> Erhalte eine personalisierte Urkunde mit deinem Namen als PDF.<\/li>\n<li>\ud83c\udf0d <strong>Sofortiger Schutz:<\/strong> Bereits ab <strong>5 \u20ac pro m\u00b2<\/strong> kannst du aktiv Regenwald erhalten.<\/li>\n<li>\ud83d\udccd <strong>Dein eigener gesch\u00fctzter Bereich:<\/strong> Mit GPS-Koordinaten deines Waldst\u00fccks.<\/li>\n<\/ul>\n<p>Setze ein Zeichen f\u00fcr den Schutz unserer Umwelt \u2013 w\u00e4hle unten die Quadratmeteranzahl und werde Teil dieser wichtigen Mission! \ud83d\udc9a<\/p>\n","protected":false},"excerpt":{"rendered":"<p><strong>Sch\u00fctze den Regenwald \u2013 mit deiner pers\u00f6nlichen Urkunde!<\/strong> \ud83c\udf3f\ud83c\udf0d<\/p>\n<p>Du erh\u00e4ltst eine individuell gestaltete Spendenurkunde direkt als PDF \u2013 mit deinem Namen und deinem Lieblingstier aus Costa Rica! \ud83e\udd9c\ud83d\udc06\ud83c\udf3f<\/p>\n<p>Schon ab <strong>5 \u20ac pro m\u00b2<\/strong> kannst du aktiv dazu beitragen, wertvollen Regenwald zu sch\u00fctzen. W\u00e4hle unten, wie viele Quadratmeter du retten m\u00f6chtest, und werde Teil dieser wichtigen Mission! \ud83d\udc9a\u2728<\/p>\n","protected":false},"featured_media":179,"comment_status":"open","ping_status":"closed","template":"","meta":[],"product_brand":[],"product_cat":[15],"product_tag":[17],"class_list":{"0":"post-63","1":"product","2":"type-product","3":"status-publish","4":"has-post-thumbnail","6":"product_cat-unkategorisiert","7":"product_tag-urkunde","9":"first","10":"instock","11":"shipping-taxable","12":"purchasable","13":"product-type-variable"},"yoast_head":"<!-- This site is optimized with the Yoast SEO plugin v24.7 - https:\/\/yoast.com\/wordpress\/plugins\/seo\/ -->\n<title>1m\u00b2 gesch\u00fctzter Wald pro 5\u20ac - Regenwald<\/title>\n<meta name=\"robots\" content=\"index, follow, max-snippet:-1, max-image-preview:large, max-video-preview:-1\" \/>\n<link rel=\"canonical\" href=\"https:\/\/www.rainforest-save.com\/regenwald\/produkt\/urkunde\/\" \/>\n<meta property=\"og:locale\" content=\"de_DE\" \/>\n<meta property=\"og:type\" content=\"article\" \/>\n<meta property=\"og:title\" content=\"1m\u00b2 gesch\u00fctzter Wald pro 5\u20ac - Regenwald\" \/>\n<meta property=\"og:description\" content=\"Sch\u00fctze den Regenwald \u2013 mit deiner pers\u00f6nlichen Urkunde! \ud83c\udf3f\ud83c\udf0d  Du erh\u00e4ltst eine individuell gestaltete Spendenurkunde direkt als PDF \u2013 mit deinem Namen und deinem Lieblingstier aus Costa Rica! \ud83e\udd9c\ud83d\udc06\ud83c\udf3f  Schon ab 5 \u20ac pro m\u00b2 kannst du aktiv dazu beitragen, wertvollen Regenwald zu sch\u00fctzen. W\u00e4hle unten, wie viele Quadratmeter du retten m\u00f6chtest, und werde Teil dieser wichtigen Mission! \ud83d\udc9a\u2728\" \/>\n<meta property=\"og:url\" content=\"https:\/\/www.rainforest-save.com\/regenwald\/produkt\/urkunde\/\" \/>\n<meta property=\"og:site_name\" content=\"Regenwald\" \/>\n<meta property=\"article:modified_time\" content=\"2026-01-07T05:35:25+00:00\" \/>\n<meta property=\"og:image\" content=\"https:\/\/www.rainforest-save.com\/regenwald\/wp-content\/uploads\/2025\/01\/faultier-1.jpg\" \/>\n\t<meta property=\"og:image:width\" content=\"2481\" \/>\n\t<meta property=\"og:image:height\" content=\"1492\" \/>\n\t<meta property=\"og:image:type\" content=\"image\/jpeg\" \/>\n<meta name=\"twitter:card\" content=\"summary_large_image\" \/>\n<script type=\"application\/ld+json\" class=\"yoast-schema-graph\">{\"@context\":\"https:\/\/schema.org\",\"@graph\":[{\"@type\":\"WebPage\",\"@id\":\"https:\/\/www.rainforest-save.com\/regenwald\/produkt\/urkunde\/\",\"url\":\"https:\/\/www.rainforest-save.com\/regenwald\/produkt\/urkunde\/\",\"name\":\"1m\u00b2 gesch\u00fctzter Wald pro 5\u20ac - Regenwald\",\"isPartOf\":{\"@id\":\"https:\/\/www.rainforest-save.com\/regenwald\/#website\"},\"primaryImageOfPage\":{\"@id\":\"https:\/\/www.rainforest-save.com\/regenwald\/produkt\/urkunde\/#primaryimage\"},\"image\":{\"@id\":\"https:\/\/www.rainforest-save.com\/regenwald\/produkt\/urkunde\/#primaryimage\"},\"thumbnailUrl\":\"https:\/\/www.rainforest-save.com\/regenwald\/wp-content\/uploads\/2025\/01\/faultier-1.jpg\",\"datePublished\":\"2025-01-27T14:24:44+00:00\",\"dateModified\":\"2026-01-07T05:35:25+00:00\",\"breadcrumb\":{\"@id\":\"https:\/\/www.rainforest-save.com\/regenwald\/produkt\/urkunde\/#breadcrumb\"},\"inLanguage\":\"de\",\"potentialAction\":[{\"@type\":\"ReadAction\",\"target\":[\"https:\/\/www.rainforest-save.com\/regenwald\/produkt\/urkunde\/\"]}]},{\"@type\":\"ImageObject\",\"inLanguage\":\"de\",\"@id\":\"https:\/\/www.rainforest-save.com\/regenwald\/produkt\/urkunde\/#primaryimage\",\"url\":\"https:\/\/www.rainforest-save.com\/regenwald\/wp-content\/uploads\/2025\/01\/faultier-1.jpg\",\"contentUrl\":\"https:\/\/www.rainforest-save.com\/regenwald\/wp-content\/uploads\/2025\/01\/faultier-1.jpg\",\"width\":2481,\"height\":1492,\"caption\":\"Faultier Costa Rica\"},{\"@type\":\"BreadcrumbList\",\"@id\":\"https:\/\/www.rainforest-save.com\/regenwald\/produkt\/urkunde\/#breadcrumb\",\"itemListElement\":[{\"@type\":\"ListItem\",\"position\":1,\"name\":\"Startseite\",\"item\":\"https:\/\/www.rainforest-save.com\/regenwald\/\"},{\"@type\":\"ListItem\",\"position\":2,\"name\":\"Urkunde\",\"item\":\"https:\/\/www.rainforest-save.com\/regenwald\/urkunde\/\"},{\"@type\":\"ListItem\",\"position\":3,\"name\":\"1m\u00b2 gesch\u00fctzter Wald pro 5\u20ac\"}]},{\"@type\":\"WebSite\",\"@id\":\"https:\/\/www.rainforest-save.com\/regenwald\/#website\",\"url\":\"https:\/\/www.rainforest-save.com\/regenwald\/\",\"name\":\"Regenwald\",\"description\":\"\",\"potentialAction\":[{\"@type\":\"SearchAction\",\"target\":{\"@type\":\"EntryPoint\",\"urlTemplate\":\"https:\/\/www.rainforest-save.com\/regenwald\/?s={search_term_string}\"},\"query-input\":{\"@type\":\"PropertyValueSpecification\",\"valueRequired\":true,\"valueName\":\"search_term_string\"}}],\"inLanguage\":\"de\"}]}<\/script>\n<!-- \/ Yoast SEO plugin. -->","yoast_head_json":{"title":"1m\u00b2 gesch\u00fctzter Wald pro 5\u20ac - Regenwald","robots":{"index":"index","follow":"follow","max-snippet":"max-snippet:-1","max-image-preview":"max-image-preview:large","max-video-preview":"max-video-preview:-1"},"canonical":"https:\/\/www.rainforest-save.com\/regenwald\/produkt\/urkunde\/","og_locale":"de_DE","og_type":"article","og_title":"1m\u00b2 gesch\u00fctzter Wald pro 5\u20ac - Regenwald","og_description":"Sch\u00fctze den Regenwald \u2013 mit deiner pers\u00f6nlichen Urkunde! \ud83c\udf3f\ud83c\udf0d  Du erh\u00e4ltst eine individuell gestaltete Spendenurkunde direkt als PDF \u2013 mit deinem Namen und deinem Lieblingstier aus Costa Rica! \ud83e\udd9c\ud83d\udc06\ud83c\udf3f  Schon ab 5 \u20ac pro m\u00b2 kannst du aktiv dazu beitragen, wertvollen Regenwald zu sch\u00fctzen. W\u00e4hle unten, wie viele Quadratmeter du retten m\u00f6chtest, und werde Teil dieser wichtigen Mission! \ud83d\udc9a\u2728","og_url":"https:\/\/www.rainforest-save.com\/regenwald\/produkt\/urkunde\/","og_site_name":"Regenwald","article_modified_time":"2026-01-07T05:35:25+00:00","og_image":[{"width":2481,"height":1492,"url":"https:\/\/www.rainforest-save.com\/regenwald\/wp-content\/uploads\/2025\/01\/faultier-1.jpg","type":"image\/jpeg"}],"twitter_card":"summary_large_image","schema":{"@context":"https:\/\/schema.org","@graph":[{"@type":"WebPage","@id":"https:\/\/www.rainforest-save.com\/regenwald\/produkt\/urkunde\/","url":"https:\/\/www.rainforest-save.com\/regenwald\/produkt\/urkunde\/","name":"1m\u00b2 gesch\u00fctzter Wald pro 5\u20ac - Regenwald","isPartOf":{"@id":"https:\/\/www.rainforest-save.com\/regenwald\/#website"},"primaryImageOfPage":{"@id":"https:\/\/www.rainforest-save.com\/regenwald\/produkt\/urkunde\/#primaryimage"},"image":{"@id":"https:\/\/www.rainforest-save.com\/regenwald\/produkt\/urkunde\/#primaryimage"},"thumbnailUrl":"https:\/\/www.rainforest-save.com\/regenwald\/wp-content\/uploads\/2025\/01\/faultier-1.jpg","datePublished":"2025-01-27T14:24:44+00:00","dateModified":"2026-01-07T05:35:25+00:00","breadcrumb":{"@id":"https:\/\/www.rainforest-save.com\/regenwald\/produkt\/urkunde\/#breadcrumb"},"inLanguage":"de","potentialAction":[{"@type":"ReadAction","target":["https:\/\/www.rainforest-save.com\/regenwald\/produkt\/urkunde\/"]}]},{"@type":"ImageObject","inLanguage":"de","@id":"https:\/\/www.rainforest-save.com\/regenwald\/produkt\/urkunde\/#primaryimage","url":"https:\/\/www.rainforest-save.com\/regenwald\/wp-content\/uploads\/2025\/01\/faultier-1.jpg","contentUrl":"https:\/\/www.rainforest-save.com\/regenwald\/wp-content\/uploads\/2025\/01\/faultier-1.jpg","width":2481,"height":1492,"caption":"Faultier Costa Rica"},{"@type":"BreadcrumbList","@id":"https:\/\/www.rainforest-save.com\/regenwald\/produkt\/urkunde\/#breadcrumb","itemListElement":[{"@type":"ListItem","position":1,"name":"Startseite","item":"https:\/\/www.rainforest-save.com\/regenwald\/"},{"@type":"ListItem","position":2,"name":"Urkunde","item":"https:\/\/www.rainforest-save.com\/regenwald\/urkunde\/"},{"@type":"ListItem","position":3,"name":"1m\u00b2 gesch\u00fctzter Wald pro 5\u20ac"}]},{"@type":"WebSite","@id":"https:\/\/www.rainforest-save.com\/regenwald\/#website","url":"https:\/\/www.rainforest-save.com\/regenwald\/","name":"Regenwald","description":"","potentialAction":[{"@type":"SearchAction","target":{"@type":"EntryPoint","urlTemplate":"https:\/\/www.rainforest-save.com\/regenwald\/?s={search_term_string}"},"query-input":{"@type":"PropertyValueSpecification","valueRequired":true,"valueName":"search_term_string"}}],"inLanguage":"de"}]}},"_links":{"self":[{"href":"https:\/\/www.rainforest-save.com\/regenwald\/wp-json\/wp\/v2\/product\/63","targetHints":{"allow":["GET"]}}],"collection":[{"href":"https:\/\/www.rainforest-save.com\/regenwald\/wp-json\/wp\/v2\/product"}],"about":[{"href":"https:\/\/www.rainforest-save.com\/regenwald\/wp-json\/wp\/v2\/types\/product"}],"replies":[{"embeddable":true,"href":"https:\/\/www.rainforest-save.com\/regenwald\/wp-json\/wp\/v2\/comments?post=63"}],"wp:featuredmedia":[{"embeddable":true,"href":"https:\/\/www.rainforest-save.com\/regenwald\/wp-json\/wp\/v2\/media\/179"}],"wp:attachment":[{"href":"https:\/\/www.rainforest-save.com\/regenwald\/wp-json\/wp\/v2\/media?parent=63"}],"wp:term":[{"taxonomy":"product_brand","embeddable":true,"href":"https:\/\/www.rainforest-save.com\/regenwald\/wp-json\/wp\/v2\/product_brand?post=63"},{"taxonomy":"product_cat","embeddable":true,"href":"https:\/\/www.rainforest-save.com\/regenwald\/wp-json\/wp\/v2\/product_cat?post=63"},{"taxonomy":"product_tag","embeddable":true,"href":"https:\/\/www.rainforest-save.com\/regenwald\/wp-json\/wp\/v2\/product_tag?post=63"}],"curies":[{"name":"wp","href":"https:\/\/api.w.org\/{rel}","templated":true}]}}